{"id":2,"date":"2024-09-19T16:30:05","date_gmt":"2024-09-19T16:30:05","guid":{"rendered":"http:\/\/atromath.com\/?page_id=2"},"modified":"2025-01-19T18:23:45","modified_gmt":"2025-01-19T18:23:45","slug":"anasayfa","status":"publish","type":"page","link":"https:\/\/www.atromath.com\/","title":{"rendered":"Anasayfa"},"content":{"rendered":"<div class=\"wp-block-uagb-container uagb-block-5e8b5f7a alignfull uagb-is-root-container\"><div class=\"uagb-container-inner-blocks-wrap\"><div class=\"wp-block-uagb-advanced-heading uagb-block-979fb508\"><h2 class=\"uagb-heading-text\">Daha iyi bir gelecek i\u00e7in elektronik, bilim, matematik ve daha fazlas\u0131 sizleri bekliyor<\/h2><\/div><\/div><\/div><div class=\"wp-block-uagb-container uagb-block-fa960a9c alignfull uagb-is-root-container\"><div class=\"wp-block-uagb-container uagb-block-27b009e1\"><figure class=\"wp-block-embed aligncenter is-type-video is-provider-youtube wp-block-embed-youtube wp-embed-aspect-16-9 wp-has-aspect-ratio\"><div class=\"wp-block-embed__wrapper\">\n<iframe loading=\"lazy\" title=\"T\u00dcREV #1   |   Tan\u0131m\" width=\"720\" height=\"405\" src=\"https:\/\/www.youtube.com\/embed\/FAfRNZwtSys?feature=oembed\" frameborder=\"0\" allow=\"accelerometer; autoplay; clipboard-write; encrypted-media; gyroscope; picture-in-picture; web-share\" referrerpolicy=\"strict-origin-when-cross-origin\" allowfullscreen><\/iframe>\n<\/div><figcaption class=\"wp-element-caption\"><strong>T\u00dcREV #1 | Tan\u0131m<\/strong><\/figcaption><\/figure><\/div>\n\n<div class=\"wp-block-uagb-container uagb-block-23d89bd7\"><figure class=\"wp-block-embed aligncenter is-type-video is-provider-youtube wp-block-embed-youtube wp-embed-aspect-16-9 wp-has-aspect-ratio\"><div class=\"wp-block-embed__wrapper\">\n<iframe loading=\"lazy\" title=\"T\u00dcREV #2  |  Kurallar\" width=\"720\" height=\"405\" src=\"https:\/\/www.youtube.com\/embed\/abbnTJoVY-k?feature=oembed\" frameborder=\"0\" allow=\"accelerometer; autoplay; clipboard-write; encrypted-media; gyroscope; picture-in-picture; web-share\" referrerpolicy=\"strict-origin-when-cross-origin\" allowfullscreen><\/iframe>\n<\/div><figcaption class=\"wp-element-caption\"><strong>T\u00dcREV #2 | Kurallar<\/strong><\/figcaption><\/figure><\/div><\/div><div class=\"wp-block-uagb-container uagb-block-6a37deb5 alignfull uagb-is-root-container\"><div class=\"wp-block-uagb-container uagb-block-7d03841b\"><figure class=\"wp-block-embed aligncenter is-type-video is-provider-youtube wp-block-embed-youtube wp-embed-aspect-16-9 wp-has-aspect-ratio\"><div class=\"wp-block-embed__wrapper\">\n<iframe loading=\"lazy\" title=\"T\u00fcrev #3  |   \u00dcstel fonksiyonlar ve e ( Euler ) say\u0131s\u0131\" width=\"720\" height=\"405\" src=\"https:\/\/www.youtube.com\/embed\/iWnj2quq6O4?feature=oembed\" frameborder=\"0\" allow=\"accelerometer; autoplay; clipboard-write; encrypted-media; gyroscope; picture-in-picture; web-share\" referrerpolicy=\"strict-origin-when-cross-origin\" allowfullscreen><\/iframe>\n<\/div><figcaption class=\"wp-element-caption\"><strong>T\u00dcREV #3 &nbsp;| \u00dcstel fonksiyonlar ve e ( Euler ) say\u0131s\u0131<\/strong><\/figcaption><\/figure><\/div>\n\n<div class=\"wp-block-uagb-container uagb-block-f5077559\"><figure class=\"wp-block-embed aligncenter is-type-video is-provider-youtube wp-block-embed-youtube wp-embed-aspect-16-9 wp-has-aspect-ratio\"><div class=\"wp-block-embed__wrapper\">\n<iframe loading=\"lazy\" title=\"Trigonometri #1  |   Giri\u015f\" width=\"720\" height=\"405\" src=\"https:\/\/www.youtube.com\/embed\/qHdtFYsPJMY?start=42&#038;feature=oembed\" frameborder=\"0\" allow=\"accelerometer; autoplay; clipboard-write; encrypted-media; gyroscope; picture-in-picture; web-share\" referrerpolicy=\"strict-origin-when-cross-origin\" allowfullscreen><\/iframe>\n<\/div><figcaption class=\"wp-element-caption\"><strong>TR\u0130GONOMETR\u0130 #1 \u00a0| Giri\u015f<\/strong><\/figcaption><\/figure><\/div><\/div><div class=\"wp-block-uagb-container uagb-block-a3249c73 alignfull uagb-is-root-container\"><div class=\"wp-block-uagb-container uagb-block-1dfcbad6\"><figure class=\"wp-block-embed aligncenter is-type-video is-provider-youtube wp-block-embed-youtube wp-embed-aspect-16-9 wp-has-aspect-ratio\"><div class=\"wp-block-embed__wrapper\">\n<iframe loading=\"lazy\" title=\"Trigonometri #2  |   D\u00f6n\u00fc\u015f\u00fcmler\" width=\"720\" height=\"405\" src=\"https:\/\/www.youtube.com\/embed\/J8s1Bmc9MIk?feature=oembed\" frameborder=\"0\" allow=\"accelerometer; autoplay; clipboard-write; encrypted-media; gyroscope; picture-in-picture; web-share\" referrerpolicy=\"strict-origin-when-cross-origin\" allowfullscreen><\/iframe>\n<\/div><figcaption class=\"wp-element-caption\"><strong><strong>TR\u0130GONOMETR\u0130 #2 \u00a0| D\u00f6n\u00fc\u015f\u00fcmler<\/strong><\/strong><\/figcaption><\/figure><\/div>\n\n<div class=\"wp-block-uagb-container uagb-block-f6ff8db3\"><figure class=\"wp-block-embed aligncenter is-type-video is-provider-youtube wp-block-embed-youtube wp-embed-aspect-16-9 wp-has-aspect-ratio\"><div class=\"wp-block-embed__wrapper\">\n<iframe loading=\"lazy\" title=\"Paraboller\" width=\"720\" height=\"405\" src=\"https:\/\/www.youtube.com\/embed\/0rHw9JtSqc8?feature=oembed\" frameborder=\"0\" allow=\"accelerometer; autoplay; clipboard-write; encrypted-media; gyroscope; picture-in-picture; web-share\" referrerpolicy=\"strict-origin-when-cross-origin\" allowfullscreen><\/iframe>\n<\/div><figcaption class=\"wp-element-caption\"><strong>PARABOLLER<\/strong><\/figcaption><\/figure><\/div><\/div><div class=\"wp-block-uagb-container uagb-block-bdd2011d alignfull uagb-is-root-container\"><\/div>","protected":false},"excerpt":{"rendered":"<p>Daha iyi bir gelecek i\u00e7in elektronik, bilim, matematik ve daha fazlas\u0131 sizleri bekliyor<\/p>\n","protected":false},"author":1,"featured_media":0,"parent":0,"menu_order":0,"comment_status":"closed","ping_status":"closed","template":"","meta":{"_uag_custom_page_level_css":"","_kad_post_transparent":"disable","_kad_post_title":"hide","_kad_post_layout":"normal","_kad_post_sidebar_id":"","_kad_post_content_style":"","_kad_post_vertical_padding":"hide","_kad_post_feature":"","_kad_post_feature_position":"","_kad_post_header":false,"_kad_post_footer":false,"footnotes":""},"class_list":["post-2","page","type-page","status-publish","hentry"],"uagb_featured_image_src":{"full":false,"thumbnail":false,"medium":false,"medium_large":false,"large":false,"1536x1536":false,"2048x2048":false,"woocommerce_thumbnail":false,"woocommerce_single":false,"woocommerce_gallery_thumbnail":false},"uagb_author_info":{"display_name":"admin","author_link":"https:\/\/www.atromath.com\/index.php\/author\/marcopolodenizcilik_cn43es17\/"},"uagb_comment_info":0,"uagb_excerpt":"Daha iyi bir gelecek i\u00e7in elektronik, bilim, matematik ve daha fazlas\u0131 sizleri bekliyor","_links":{"self":[{"href":"https:\/\/www.atromath.com\/index.php\/wp-json\/wp\/v2\/pages\/2","targetHints":{"allow":["GET"]}}],"collection":[{"href":"https:\/\/www.atromath.com\/index.php\/wp-json\/wp\/v2\/pages"}],"about":[{"href":"https:\/\/www.atromath.com\/index.php\/wp-json\/wp\/v2\/types\/page"}],"author":[{"embeddable":true,"href":"https:\/\/www.atromath.com\/index.php\/wp-json\/wp\/v2\/users\/1"}],"replies":[{"embeddable":true,"href":"https:\/\/www.atromath.com\/index.php\/wp-json\/wp\/v2\/comments?post=2"}],"version-history":[{"count":25,"href":"https:\/\/www.atromath.com\/index.php\/wp-json\/wp\/v2\/pages\/2\/revisions"}],"predecessor-version":[{"id":142,"href":"https:\/\/www.atromath.com\/index.php\/wp-json\/wp\/v2\/pages\/2\/revisions\/142"}],"wp:attachment":[{"href":"https:\/\/www.atromath.com\/index.php\/wp-json\/wp\/v2\/media?parent=2"}],"curies":[{"name":"wp","href":"https:\/\/api.w.org\/{rel}","templated":true}]}}